{"id":20763,"date":"2022-06-03T11:23:43","date_gmt":"2022-06-03T09:23:43","guid":{"rendered":"https:\/\/www.herr-rau.de\/wordpress\/?page_id=20763"},"modified":"2024-05-31T14:51:38","modified_gmt":"2024-05-31T12:51:38","slug":"was-ich-alles-schon-mal-gemacht-habe","status":"publish","type":"page","link":"https:\/\/www.herr-rau.de\/wordpress\/was-ich-alles-schon-mal-gemacht-habe","title":{"rendered":"Was ich alles schon mal gemacht habe"},"content":{"rendered":"\n<ul class=\"wp-block-list\">\n<li><strong>Bloggen<\/strong><br>seit 2004<\/li>\n\n\n\n<li><strong>Homepage-Betreuung <\/strong><br>seit 2004<\/li>\n\n\n\n<li><strong>2. Fachbetreuung Deutsch <\/strong><br>seit 2008<\/li>\n\n\n\n<li><strong>Mebis-Kontaktlehrkaft <\/strong><br>seit 2014<\/li>\n\n\n\n<li><strong>Praktikumslehrkraft studienbegleitendes Praktikum Informatik <\/strong><br>seit 2016<\/li>\n\n\n\n<li><strong>AK ISB &#8222;Zentraler Englisch-Test am Gymnasium&#8220; <\/strong><br>2007-2011<\/li>\n\n\n\n<li><strong>AK ISB &#8222;Vergleichsarbeiten in Bayern&#8220; <\/strong><br>2008-2009<\/li>\n\n\n\n<li><strong>AK ISB: Mitglied im Moodle-Organisationsteam Oberbayern-West <\/strong><br>2010-2011<\/li>\n\n\n\n<li><strong>AK ISB: &#8222;mebis Redakteure &#8211; Erarbeitung und Qualit\u00e4tssicherung von teachSHARE-Kursen&#8220; <\/strong><br>2021-2022<\/li>\n\n\n\n<li><strong>Teilabordnung Informatik-Lehrkr\u00e4fteausbildung an der LMU M\u00fcnchen <\/strong><br>2011-2016<\/li>\n\n\n\n<li><strong>Vorlesungen Didaktik der Informatik 1 und 2 an der LMU M\u00fcnchen <\/strong><br>2013-2021<\/li>\n\n\n\n<li><strong>\u00d6rtlicher Personalrat <\/strong><br>2006-2016<\/li>\n\n\n\n<li>Vertretungsplanung<\/li>\n\n\n\n<li>Erst- und Zweitpr\u00fcfer bei m\u00fcndlichen und schriftlichen Pr\u00fcfungen im Staatsexamen<\/li>\n\n\n\n<li>Redaktion Jahresbericht<\/li>\n\n\n\n<li>Verbindungslehrkraft<\/li>\n\n\n\n<li>Stundenplanung<\/li>\n\n\n\n<li>Sch\u00fclerzeitung<\/li>\n\n\n\n<li>Organisation von Tanzkursen <\/li>\n\n\n\n<li>Ansprechpartner Bogenschie\u00dfen<\/li>\n\n\n\n<li>Durchf\u00fchrung Vorlesewettbewerb Deutsch<\/li>\n\n\n\n<li>Durchf\u00fchrung USA-Fahrt<\/li>\n\n\n\n<li>Workshopleitungen beim Bayerischen Informatiklehrertag und anderen Informatikdidakik-Veranstaltungen seit 2009<\/li>\n\n\n\n<li>Organisation des Informatikabitur-Wettbewerbs der Gesellschaft f\u00fcr Informatik\/Fachgruppe Bayern<\/li>\n<\/ul>\n\n\n\n<p><strong>Publikationen<\/strong><\/p>\n\n\n\n<ul class=\"wp-block-list\">\n<li>Thomas Rau, \u201eShakespeare im Unterricht. Der Shakespeare-Schock und wie man ihn mildern kann: Dramenlekt\u00fcre im Leistungskurs.\u201c <em>Das Shakespeare-Jahrbuch<\/em> 140, Deutsche Shakespeare-Gesellschaft 140\/2004.<\/li>\n\n\n\n<li>Thomas Rau, \u201eUnterrichtstagebuch im WWW. Wozu man Blogs in der Schule nutzen kann.\u201c <em>Deutsch-Magazin <\/em>1\/2006.<\/li>\n\n\n\n<li>Thomas Rau, Bernd Ruoff, \u201eUnder Pig Brook. Das H\u00f6rspiel Under Milk Wood analysieren, eigene H\u00f6rspielszenen produzieren.\u201c <em>Der fremdsprachliche Unterricht Englisch <\/em>92, M\u00e4rz 2008.<\/li>\n\n\n\n<li>Peter Brichzin, Thomas Rau, \u201eRepositories zur Unterst\u00fctzung von kollaborativen Arbeiten in Softwareprojekten.\u201c <em>Informatik allgemeinbildend begreifen. INFOS 2015. 16. GI-Fachtagung Informatik und Schule<\/em>. Darmstadt: Gesellschaft f\u00fcr Informatik 2015.<\/li>\n\n\n\n<li>Thomas Rau, \u201eCoraline als begehbarer Roman: Ein Englisch-Informatik-Projekt aus dem Distanzunterricht\u201c ibis Bd. 1 Nr. 1, 2023 (Informatische Bildung in Schulen)<\/li>\n\n\n\n<li>Thomas Rau, \u201eReinforcement Learning Schritt f\u00fcr Schritt in Schulprojekten\u201c ibis Bd. 1 Nr. 2, 2024 (Informatische Bildung in Schulen)<\/li>\n<\/ul>\n","protected":false},"excerpt":{"rendered":"<p>Publikationen<\/p>\n","protected":false},"author":2,"featured_media":0,"parent":0,"menu_order":0,"comment_status":"closed","ping_status":"closed","template":"","meta":{"footnotes":""},"class_list":["post-20763","page","type-page","status-publish","hentry"],"jetpack_sharing_enabled":true,"jetpack_likes_enabled":true,"_links":{"self":[{"href":"https:\/\/www.herr-rau.de\/wordpress\/wp-json\/wp\/v2\/pages\/20763","targetHints":{"allow":["GET"]}}],"collection":[{"href":"https:\/\/www.herr-rau.de\/wordpress\/wp-json\/wp\/v2\/pages"}],"about":[{"href":"https:\/\/www.herr-rau.de\/wordpress\/wp-json\/wp\/v2\/types\/page"}],"author":[{"embeddable":true,"href":"https:\/\/www.herr-rau.de\/wordpress\/wp-json\/wp\/v2\/users\/2"}],"replies":[{"embeddable":true,"href":"https:\/\/www.herr-rau.de\/wordpress\/wp-json\/wp\/v2\/comments?post=20763"}],"version-history":[{"count":2,"href":"https:\/\/www.herr-rau.de\/wordpress\/wp-json\/wp\/v2\/pages\/20763\/revisions"}],"predecessor-version":[{"id":62232,"href":"https:\/\/www.herr-rau.de\/wordpress\/wp-json\/wp\/v2\/pages\/20763\/revisions\/62232"}],"wp:attachment":[{"href":"https:\/\/www.herr-rau.de\/wordpress\/wp-json\/wp\/v2\/media?parent=20763"}],"curies":[{"name":"wp","href":"https:\/\/api.w.org\/{rel}","templated":true}]}}