{"id":20896,"date":"2022-06-27T17:18:32","date_gmt":"2022-06-27T15:18:32","guid":{"rendered":"https:\/\/www.herr-rau.de\/wordpress\/?page_id=20896"},"modified":"2022-06-27T17:18:32","modified_gmt":"2022-06-27T15:18:32","slug":"digitale-schullektueren","status":"publish","type":"page","link":"https:\/\/www.herr-rau.de\/wordpress\/digitale-schullektueren","title":{"rendered":"Digitale Schullekt\u00fcren"},"content":{"rendered":"\n<p><a href=\"https:\/\/www.herr-rau.de\/wordpress\/2022\/06\/digitale-schullektueren-oer-oder-cc.htm\">Blogeintrag dazu.<\/a><\/p>\n\n\n\n<h2 class=\"wp-block-heading\">Herunterladbare Lekt\u00fcren<\/h2>\n\n\n\n<ul class=\"wp-block-list\"><li>Theodor Fontane, <em>Irrungen, Wirrungen<\/em> (<a href=\"https:\/\/herr-rau.de\/wordpress\/archiv\/epub\/Fontane, Theodor - Irrungen, Wirrungen.epub\">epub<\/a>)<\/li><li>Jeremias Gotthelf,&#8220;Die schwarze Spinne&#8220; (<a href=\"https:\/\/herr-rau.de\/wordpress\/archiv\/epub\/Gotthelf, Jeremias - Die schwarze Spinne.epub\">epub<\/a>)<\/li><li>Stefan Zweig, &#8222;Schachnovelle&#8220; (<a href=\"https:\/\/herr-rau.de\/wordpress\/archiv\/epub\/Zweig, Stefan - Schachnovelle.epub\">epub<\/a>)<\/li><\/ul>\n\n\n\n<p>Diese epub-Dateien sind aus Google Drive heraus exportiert, der Einfachkeit halber; tats\u00e4chlich sind die Dateien so nicht optimal und erf\u00fcllen nicht alle Standards optimal (es ist kompliziert), m\u00fcssten aber dennoch auf modernen Ger\u00e4ten lesbar sein. K\u00f6nnte ich mit epub-Editor sicher noch verbessern. Wer mobi braucht, kann das sicher selber umwandeln, sonst erg\u00e4nze ich das auf Verlangen gerne. Das sind eher Prototypen, Demo-B\u00fccher<\/p>\n\n\n\n<h2 class=\"wp-block-heading\">Quelltexte<\/h2>\n\n\n\n<p>Wie gesagt, hier sind die Originale, oder zumindest die Dateien, aus denen heraus ich die epubs erzeugt habe. Online l\u00e4sst sich leicht korrigieren, erg\u00e4nzen, im Idealfall sp\u00e4ter einmal im Team.<\/p>\n\n\n\n<ul class=\"wp-block-list\"><li>Theodor Fontane, <em>Irrungen, Wirrungen<\/em><a href=\"https:\/\/docs.google.com\/document\/d\/1agb-SRYhn2BSqg6GXBC068pK3zlxcKNyQaX8cBLR5e4\/\"><br>https:\/\/docs.google.com\/document\/d\/1agb-SRYhn2BSqg6GXBC068pK3zlxcKNyQaX8cBLR5e4\/<\/a><\/li><li>Jeremias Gotthelf,&#8220;Die schwarze Spinne&#8220;<br><a href=\"https:\/\/docs.google.com\/document\/d\/1U7Jsg1czIx-Zf4u-HpqY6Evl1E9uzfCWR7H-Mfw38Ng\/\">https:\/\/docs.google.com\/document\/d\/1U7Jsg1czIx-Zf4u-HpqY6Evl1E9uzfCWR7H-Mfw38Ng\/<\/a><\/li><li>Stefan Zweig, &#8222;Schachnovelle&#8220;<a href=\"https:\/\/docs.google.com\/document\/d\/1aomfNc3r42yCTuHRbmzDkGYLDloPuD6ZfWVBvdFBcYU\/\"><br>https:\/\/docs.google.com\/document\/d\/1aomfNc3r42yCTuHRbmzDkGYLDloPuD6ZfWVBvdFBcYU\/<\/a><br><\/li><\/ul>\n\n\n\n<h2 class=\"wp-block-heading\">Das Ziel<\/h2>\n\n\n\n<ul class=\"wp-block-list\"><li>Sch\u00fclerinnen und Sch\u00fcler arbeiten immer mehr mit digitalen Endger\u00e4ten.<\/li><li>Es bietet sich an, auch Schullekt\u00fcren in digitaler Form zu benutzen: Sie haben verschiedene Vor- und Nachteile, aber auf jeden Fall ist es so m\u00f6glich, dass eine Klasse eine ganz kleine Bibliothek von Lekt\u00fcren, also drei, vier oder mehr verschiedene, st\u00e4ndig mit sich f\u00fchrt. Das hat Vorteile f\u00fcr die Klasse und f\u00fcr den Unterricht.<\/li><li>Das geht aber nur, wenn die Lekt\u00fcren kostenlos sind. Die Literatur des 18., 19. und weit ins 20. Jahrhundert hinein ist bereits gemeinfrei. Es ist also grunds\u00e4tzlich denkbar, dass man den Klassen diese kostenlos zur Verf\u00fcgung stellt. <\/li><\/ul>\n\n\n\n<h2 class=\"wp-block-heading\">Der aktuelle Status und mein Problem<\/h2>\n\n\n\n<ul class=\"wp-block-list\"><li>Digitalen Ausgaben der Schulbuch-Verlage  sind annotiert, kommentiert, mit Vorwort versehen; all das ist gesch\u00fctzt.<\/li><li>Die Ausgaben bei projekt-gutenberg.org sind <em>m\u00f6glicherweise<\/em> gesch\u00fctzt, jedenfalls schreiben sie: &#8222;f\u00fcr eine <em>kommerzielle Nutzung<\/em> des Text- und Bildbestandes, auch in Teilen, als E-Book, auf Internetseiten, f\u00fcr den Nachdruck u.A. bitten wir uns eine Lizenzgeb\u00fchr aus&#8220;; au\u00dferdem gibt es keinen epub-Download und die Rechtschreibung entspricht nicht dem 21. Jahrhundert.<\/li><li>Die Ausgaben bei wikisource.org haben einen epub-Export, aber die Rechtschreibung ist die der Originalver\u00f6ffentlichung, au\u00dferdem gibt es zwischendrin Seitenzahlen. Aber man darf sie verwenden.<\/li><li>F\u00fcr die Ausgaben bei zeno.org gilt das gleiche.<\/li><li>Vielleicht gibt es gar kein Problem mit diesen Ausgaben. Dennoch, mich st\u00f6ren folgende Aspekte, aber vielleicht bin das wirklich nur ich und insgesamt kann man das doch verschmerzen:<ul><li>Die Rechtschreibung sollte dem 21. Jahrhundert entsprechen. Also keine &#8222;Th\u00fcre&#8220; wie im 19. Jahrhundert, und kein &#8222;da\u00df&#8220; wie im 20. Jahrhundert.<\/li><li>Keine eingeschobenen Seitenzahlen der Originalausgabe? Die st\u00f6ren einerseits beim Lesen, machen das Buch andererseits philologisch leichter verwertbar.<\/li><\/ul><\/li><\/ul>\n\n\n\n<h2 class=\"wp-block-heading\">Grunds\u00e4tzliche Probleme<\/h2>\n\n\n\n<p>Nehmen wir an, jemand kommt auf diese Seite und \u00fcberlegt, die vorbereiteten Lekt\u00fcren oben herunterzuladen und an eine Klasse zu verteilen. Kann diese Person sicher sein, dass meine Ausgaben legal sind, also urheberrechtlich sauber? Reicht da mein Wort, wenn man sich nicht auskennt und Risiken scheut? Kann diese Person sicher sein, dass meine Ausgaben korrekt sind, ungek\u00fcrzt, unbearbeitet, nicht manipuliert? Kann ich mich wehren, wenn jemand drittes meine Ausgaben manipuliert und in Umlauf bringt? Und wenn mir ein Verlag eine Abmahnung schickt, ich m\u00f6ge das doch bitte entfernen, weil (vorgeschobener Grund), werde ich mich dann werden? Ich vermute, das muss ein gr\u00f6\u00dferes Projekt sein als eines von mir selber.<\/p>\n\n\n\n<h2 class=\"wp-block-heading\">Was noch sch\u00f6n w\u00e4re<\/h2>\n\n\n\n<p>Die Erg\u00e4nzung des Textes durch Fu\u00dfnoten, Annotationen, Diskussionsfragen. Von einer Person allein oder durch ein Redaktionsteam oder durch die Crowd. <\/p>\n\n\n\n<p>Gemeinschaftliches Unterstreichen und Annotieren im Klassenverband. Das gibt es schon in verschiedener Form, Kindle, Perusall, aber da braucht es schon wieder Anmeldekonten zur Verwaltung.<\/p>\n\n\n\n<p><\/p>\n\n\n\n<p><\/p>\n","protected":false},"excerpt":{"rendered":"<p>Blogeintrag dazu. Herunterladbare Lekt\u00fcren Theodor Fontane, Irrungen, Wirrungen (epub) Jeremias Gotthelf,&#8220;Die schwarze Spinne&#8220; (epub) Stefan Zweig, &#8222;Schachnovelle&#8220; (epub) Diese epub-Dateien sind aus Google Drive heraus exportiert, der Einfachkeit halber; tats\u00e4chlich sind die Dateien so nicht optimal und erf\u00fcllen nicht alle Standards optimal (es ist kompliziert), m\u00fcssten aber dennoch auf modernen Ger\u00e4ten lesbar sein. K\u00f6nnte ich [&hellip;]<\/p>\n","protected":false},"author":2,"featured_media":0,"parent":0,"menu_order":0,"comment_status":"closed","ping_status":"closed","template":"","meta":{"footnotes":""},"class_list":["post-20896","page","type-page","status-publish","hentry"],"jetpack_sharing_enabled":true,"jetpack_likes_enabled":true,"_links":{"self":[{"href":"https:\/\/www.herr-rau.de\/wordpress\/wp-json\/wp\/v2\/pages\/20896","targetHints":{"allow":["GET"]}}],"collection":[{"href":"https:\/\/www.herr-rau.de\/wordpress\/wp-json\/wp\/v2\/pages"}],"about":[{"href":"https:\/\/www.herr-rau.de\/wordpress\/wp-json\/wp\/v2\/types\/page"}],"author":[{"embeddable":true,"href":"https:\/\/www.herr-rau.de\/wordpress\/wp-json\/wp\/v2\/users\/2"}],"replies":[{"embeddable":true,"href":"https:\/\/www.herr-rau.de\/wordpress\/wp-json\/wp\/v2\/comments?post=20896"}],"version-history":[{"count":3,"href":"https:\/\/www.herr-rau.de\/wordpress\/wp-json\/wp\/v2\/pages\/20896\/revisions"}],"predecessor-version":[{"id":20917,"href":"https:\/\/www.herr-rau.de\/wordpress\/wp-json\/wp\/v2\/pages\/20896\/revisions\/20917"}],"wp:attachment":[{"href":"https:\/\/www.herr-rau.de\/wordpress\/wp-json\/wp\/v2\/media?parent=20896"}],"curies":[{"name":"wp","href":"https:\/\/api.w.org\/{rel}","templated":true}]}}